{"id":1603,"date":"2020-03-30T20:37:48","date_gmt":"2020-03-30T18:37:48","guid":{"rendered":"https:\/\/websites.fraunhofer.de\/benchmarking\/?page_id=1603"},"modified":"2023-09-13T17:21:42","modified_gmt":"2023-09-13T15:21:42","slug":"datenschutzinformation","status":"publish","type":"page","link":"https:\/\/izb.ipk.fraunhofer.de\/?page_id=1603&lang=de","title":{"rendered":"Datenschutzinformation"},"content":{"rendered":"\n<p>Das\nInformationszentrum Benchmarking ist ein Projekt des Fraunhofer-Instituts f\u00fcr\nProduktionsanlagen und Konstruktionstechnik IPK.<\/p>\n\n\n\n<p>Im\nRahmen der Nutzung dieser Webseite werden personenbezogene Daten von Ihnen\ndurch uns als den f\u00fcr die Datenverarbeitung Verantwortlichen verarbeitet und\nf\u00fcr die Dauer gespeichert, die zur Erf\u00fcllung der festgelegten Zwecke und\ngesetzlicher Verpflichtungen erforderlich ist. Im Folgenden informieren wir Sie\ndar\u00fcber, um welche Daten es sich dabei handelt, auf welche Weise sie\nverarbeitet werden und welche Rechte Ihnen diesbez\u00fcglich zustehen.<\/p>\n\n\n\n<p>Personenbezogene\nDaten sind gem\u00e4\u00df Art. 4 Nr. 1 Datenschutzgrundverordnung (DSGVO) alle\nInformationen, die sich auf eine identifizierte oder identifizierbare nat\u00fcrliche\nPerson beziehen.<\/p>\n\n\n\n<ol><li><strong>Geltungsbereich<\/strong><strong><\/strong><\/li><\/ol>\n\n\n\n<p>Diese Datenschutzinformation gilt f\u00fcr Datenverarbeitungen auf allen Projekt-Webseiten von uns, sowie aller im Zusammenhang mit den Projekten angebotenen Diensten als Webdienst oder als mobile App (zur besseren Lesbarkeit im Folgenden: Webseite), sofern jeweils auf diese Datenschutzinformation verwiesen wird.<\/p>\n\n\n\n<p>2. <strong>Name und Kontaktdaten des f\u00fcr die Verarbeitung Verantwortlichen sowie des betrieblichen Datenschutzbeauftragten <\/strong><\/p>\n\n\n\n<p>Verantwortlicher\nim Sinne von Art. 4 Nr. 7 DSGVO:<\/p>\n\n\n\n<p>Fraunhofer-Gesellschaft<br>\nzur F\u00f6rderung der angewandten Forschung e.V.<\/p>\n\n\n\n<p>Hansastra\u00dfe 27 c <br>\n80686 M\u00fcnchen<\/p>\n\n\n\n<p>f\u00fcr ihr Fraunhofer-Institut f\u00fcr\nProduktionsanlagen und Konstruktionstechnik IPK<\/p>\n\n\n\n<p>(im Folgenden \u201eFraunhofer IPK\u201c)<\/p>\n\n\n\n<p>E-Mail:&nbsp;&nbsp;&nbsp; info(at)ipk.fraunhofer.de<br>Telefon:&nbsp; +49 30 39006-0<br>Fax:&nbsp;&nbsp;&nbsp;&nbsp;&nbsp;&nbsp; +49 30 391 1037<\/p>\n\n\n\n<p>Der Datenschutzbeauftragte\nvon Fraunhofer ist unter der o.g. Anschrift in M\u00fcnchen, zu Hd.\nDatenschutzbeauftragter bzw. unter <a href=\"mailto:datenschutz@zv.fraunhofer.de\">datenschutz@zv.fraunhofer.de<\/a> erreichbar.<\/p>\n\n\n\n<p>Sie k\u00f6nnen sich jederzeit bei Fragen zum Datenschutzrecht oder Ihren Betroffenenrechten direkt an unseren Datenschutzbeauftragten wenden.<\/p>\n\n\n\n<p>3. <strong>Verarbeitung personenbezogener Daten und Zwecke der Verarbeitung<\/strong><\/p>\n\n\n\n<p>a) <strong>Beim Besuch der Webseite<\/strong><\/p>\n\n\n\n<p>Sie\nk\u00f6nnen unsere Webseite aufrufen, ohne Angaben zu Ihrer Identit\u00e4t preisgeben zu\nm\u00fcssen. Der auf Ihrem Endger\u00e4t eingesetzte Browser sendet lediglich automatisch\nInformationen an den Server unserer Webseite (z.B. Browsertyp und \u2013version,\nDatum und Uhrzeit des Zugriffs), um einen Verbindungsaufbau der Webseite zu\nerm\u00f6glichen. Hierzu geh\u00f6rt auch die IP-Adresse Ihres anfragenden Endger\u00e4tes.\nDiese wird tempor\u00e4r in einem sog. Logfile gespeichert und sp\u00e4testens nach 30\nTagen gel\u00f6scht.<\/p>\n\n\n\n<p>Die\nVerarbeitung der IP-Adresse erfolgt zu technischen und administrativen Zwecken\ndes Verbindungsaufbaus und \u2013stabilit\u00e4t, um die Sicherheit und\nFunktionsf\u00e4higkeit unserer Webseite zu gew\u00e4hrleisten und etwaige rechtswidrige\nAngriffe hierauf notfalls verfolgen zu k\u00f6nnen.<\/p>\n\n\n\n<p>Die\nRechtsgrundlage f\u00fcr die Verarbeitung der IP-Adresse ist Art. 6 Abs. 1 S. 1 lit.\nf DSGVO. Unser berechtigtes Interesse folgt aus dem erw\u00e4hnten\nSicherheitsinteresse und der Erforderlichkeit einer st\u00f6rungsfreien\nBereitstellung unserer Webseite.<\/p>\n\n\n\n<p>Aus der\nVerarbeitung der IP-Adresse und anderer Information in dem Logfile k\u00f6nnen wir\nkeine unmittelbaren R\u00fcckschl\u00fcsse auf Ihre Identit\u00e4t ziehen. <\/p>\n\n\n\n<p>Dar\u00fcber hinaus setzen wir beim Besuch unserer Webseite Cookies ein. N\u00e4here Erl\u00e4uterungen dazu erhalten Sie weiter unten in dieser Datenschutzinformation <\/p>\n\n\n\n<p>b) <strong>Bei Anmeldung zu einem E-Mail-Verteiler<\/strong><\/p>\n\n\n\n<p>Sofern Sie nach Art. 6 Abs. 1 S. 1\nlit. a DSGVO ausdr\u00fccklich eingewilligt haben, verwenden wir Ihre E-Mail-Adresse\ndaf\u00fcr, Ihnen regelm\u00e4\u00dfig ausgew\u00e4hlte Informationen zu \u00fcbersenden, die Sie \u00fcber\ndie Arbeit an unserem Institut und\/oder zu anderen Einrichtungen und\/oder\nVeranstaltungen des Fraunhofer e.V. informiert. Die Themen und Inhalte der\nausgew\u00e4hlten Informationen bestimmen sich nach dem Verteiler, f\u00fcr den Sie sich\nangemeldet haben.<\/p>\n\n\n\n<p>Sofern Sie bei der Anmeldung\nzus\u00e4tzlich Ihren Namen und Ihre Anrede angeben k\u00f6nnen, nutzen wir diese\nInformationen, um Sie in unseren Verteiler-E-Mails pers\u00f6nlich anzusprechen.<\/p>\n\n\n\n<p>Nach Ihrer Anmeldung erhalten Sie\nper E-Mail eine Registrierungsbenachrichtigung, die Sie best\u00e4tigen m\u00fcssen, um in\nden Verteiler aufgenommen zu werden (sog. Double Opt-In). Dies dient uns als\nNachweis dar\u00fcber, dass die Registrierung tats\u00e4chlich von Ihnen initiiert wurde.<\/p>\n\n\n\n<p>Die Abmeldung ist jederzeit m\u00f6glich,\nz. B. \u00fcber einen Link am Ende einer jeden E-Mail. Alternativ k\u00f6nnen Sie uns Ihren\nAbmeldewunsch gerne auch per E-Mail zusenden.<\/p>\n\n\n\n<p>Ihre E-Mail-Adresse wird nach Widerruf Ihrer Einwilligung zur Zusendung von Informationen umgehend aus unserem Verteiler gel\u00f6scht.<\/p>\n\n\n\n<p>4. <strong>Weitergabe von personenbezogenen Daten an Dritte<\/strong><\/p>\n\n\n\n<p>Wir\ngeben die Sie betreffenden personenbezogenen Daten nur an Dritte weiter, wenn:<\/p>\n\n\n\n<ul><li>Sie gem.\n     Art. 6 Abs. 1 S. 1 lit. a DSGVO Ihre ausdr\u00fcckliche Einwilligung dazu\n     erteilt haben;<\/li><li>f\u00fcr die\n     Weitergabe nach Art. 6 Abs. 1 S. 1 lit. c DSGVO eine gesetzliche\n     Verpflichtung besteht.<\/li><\/ul>\n\n\n\n<p>Die\nweitergegebenen Daten d\u00fcrfen von dem Dritten ausschlie\u00dflich zu den genannten\nZwecken verwendet werden.<\/p>\n\n\n\n<p><strong>&nbsp;5.  Cookies<\/strong><\/p>\n\n\n\n<p>Wir setzen auf\nunserer Webseite Cookies ein. Hierbei handelt es sich um kleine Dateien, die\nIhr Browser automatisch erstellt und die auf Ihrem Endger\u00e4t (Laptop, Tablet,\nSmartphone o.\u00e4.) gespeichert werden, wenn Sie unsere Seite besuchen. Cookies\nrichten auf Ihrem Endger\u00e4t keinen Schaden an, enthalten keine Viren, Trojaner\noder sonstige Schadsoftware.<\/p>\n\n\n\n<p>In dem Cookie\nwerden Informationen abgelegt, die sich jeweils im Zusammenhang mit dem\nspezifisch eingesetzten Endger\u00e4t ergeben. Dies bedeutet jedoch nicht, dass wir\ndadurch unmittelbar Kenntnis von Ihrer Identit\u00e4t erhalten.<\/p>\n\n\n\n<p>Der Einsatz von\nCookies dient einerseits dazu, die Nutzung unseres Angebots f\u00fcr Sie angenehmer\nzu gestalten. So setzen wir sogenannte Session-Cookies ein, um zu erkennen,\ndass Sie einzelne Seiten unserer Webseite bereits besucht haben.<\/p>\n\n\n\n<p>Dar\u00fcber hinaus\nsetzen wir ebenfalls zur Optimierung der Benutzerfreundlichkeit tempor\u00e4re\nCookies ein, die f\u00fcr einen bestimmten festgelegten Zeitraum auf Ihrem Endger\u00e4t\ngespeichert werden. Besuchen Sie unsere Seite erneut, um unsere Dienste in\nAnspruch zu nehmen, wird automatisch erkannt, dass Sie bereits bei uns waren\nund welche Eingaben und Einstellungen sie get\u00e4tigt haben, um diese nicht noch\neinmal eingeben zu m\u00fcssen.<\/p>\n\n\n\n<p>Die durch\nCookies verarbeiteten Daten sind f\u00fcr die genannten Zwecke zur Wahrung unserer\nberechtigten Interessen sowie der Dritter nach Art. 6 Abs. 1 S. 1 lit. f DSGVO\nerforderlich.<\/p>\n\n\n\n<p>Die meisten Browser akzeptieren Cookies automatisch. Sie k\u00f6nnen Ihren Browser jedoch so konfigurieren, dass keine Cookies auf Ihrem Computer gespeichert werden oder stets ein Hinweis erscheint, bevor ein neuer Cookie angelegt wird. Die vollst\u00e4ndige Deaktivierung von Cookies kann jedoch dazu f\u00fchren, dass Sie nicht alle Funktionen unserer Webseite nutzen k\u00f6nnen.<\/p>\n\n\n\n<p>6. <strong>Social-Media-Plugins<\/strong><\/p>\n\n\n\n<p>Auf\nunserer Webseite k\u00f6nnen sog. Social-Media-Buttons (auch Social-Media-Plugins) eingesetzt\nwerden. Hierbei handelt es sich um kleine Schaltfl\u00e4chen, mittels derer Sie\nInhalte unserer Webseite in sozialen Netzwerken unter Ihrem Profil\nver\u00f6ffentlichen k\u00f6nnen.<\/p>\n\n\n\n<p>Sofern\nSie eine solche Schaltfl\u00e4che aktivieren, wird eine Verbindung zwischen unserer\nWebseite und dem sozialen Netzwerk hergestellt. Neben den betreffenden Inhalten\nerh\u00e4lt der Betreiber des sozialen Netzwerkes weitere zum Teil personenbezogene\nInformationen. Dazu geh\u00f6rt etwa der Umstand, dass Sie gerade unsere Seite\nbesuchen.<\/p>\n\n\n\n<p>Die\nEinbindung der Social-Media-Buttons erfolgt unter Einsatz der sog. Shariff-L\u00f6sung.\nDiese L\u00f6sung verhindert, dass bereits eine Verbindung zu einem sozialen\nNetzwerk aufgebaut wird, nur weil Sie eine Seite mit einem Social-Media-Button\naufrufen, ohne diesen zu aktivieren. Das bedeutet, dass erst dann Informationen\nan das soziale Netzwerk \u00fcbermittelt werden, wenn Sie die Schaltfl\u00e4che\neinsetzen.<\/p>\n\n\n\n<p>Die folgenden Social-Media-Plugins k\u00f6nnen auf unseren Seiten eingesetzt werden:<\/p>\n\n\n\n<p>a) <strong>Facebook Ireland Limited: Teilen auf Facebook<\/strong><br> Teilweise werden Informationen an die Muttergesellschaft Facebook Inc. mit Sitz in den USA \u00fcbermittelt. Diese beachtet die Datenschutzbestimmungen des \u201eUS-Privacy-Shield\u201c und ist beim \u201eUS-Privacy Shield\u201c-Programm des US-Handelsministeriums registriert. <br> Weitere Informationen zum Datenschutz bei Facebook finden Sie in der Datenschutzerkl\u00e4rung von Facebook unter <a href=\"https:\/\/www.facebook.com\/about\/privacy\/\">https:\/\/www.facebook.com\/about\/privacy\/<\/a>. <\/p>\n\n\n\n<p>b) <strong>Twitter International Company: Teilen auf Twitter<\/strong><br> Teilweise werden Informationen an die Muttergesellschaft Twitter Inc. mit Sitz in den USA \u00fcbermittelt. Diese beachtet die Datenschutzbestimmungen des \u201eUS-Privacy-Shield\u201c und ist beim \u201eUS-Privacy Shield\u201c-Programm des US-Handelsministeriums registriert. <br> Weitere Informationen zum Datenschutz bei Twitter finden Sie in der Datenschutzerkl\u00e4rung von Twitter unter <a href=\"https:\/\/twitter.com\/privacy\">https:\/\/twitter.com\/privacy<\/a>. <\/p>\n\n\n\n<p>c) <strong>XING SE: Teilen auf XING<\/strong><br> Weitere Informationen zum Datenschutz bei XING finden Sie in der Datenschutzerkl\u00e4rung von XING unter <a href=\"https:\/\/www.xing.com\/privacy\">https:\/\/www.xing.com\/privacy<\/a>. <\/p>\n\n\n\n<p>d) <strong>LinkedIn Corporation: Teilen auf LinkedIn <br> <\/strong>Teilweise werden Informationen an die Muttergesellschaft LinkedIn Corporation mit Sitz in den USA \u00fcbermittelt. Diese beachtet die Datenschutzbestimmungen des \u201eUS-Privacy-Shield\u201c und ist beim \u201eUS-Privacy Shield\u201c-Programm des US-Handelsministeriums registriert. Weitere Informationen zum Datenschutz bei LinkedIn finden Sie in deren Datenschutzrichtlinien unter https:\/\/www.linkedin.com\/legal\/privacy-policy.<\/p>\n\n\n\n<p>e) <strong>Pinterest Europe Ltd.: Teilen auf Pinterest<\/strong><br> Weitere Informationen zum Datenschutz bei Pinterest finden Sie in der Datenschutzerkl\u00e4rung von Pinterest unter <a href=\"https:\/\/policy.pinterest.com\/de\/privacy-policy\">https:\/\/policy.pinterest.com\/de\/privacy-policy<\/a>.  <\/p>\n\n\n\n<p><\/p>\n\n\n\n<p>f) <strong>Facebook Ireland Limited: Teilen auf Instagram<\/strong><\/p>\n\n\n\n<p>Teilweise werden\nInformationen an die Muttergesellschaft Facebook Inc. mit Sitz in den USA\n\u00fcbermittelt. Diese beachtet die Datenschutzbestimmungen des \u201eUS-Privacy-Shield\u201c\nund ist beim \u201eUS-Privacy Shield\u201c-Programm des US-Handelsministeriums\nregistriert.<\/p>\n\n\n\n<p>Zweck und Umfang der Datenerhebung und die weitere Verarbeitung und Nutzung der Daten durch Facebook sowie Ihre diesbez\u00fcglichen Rechte und Einstellungsm\u00f6glichkeiten zum Schutz Ihrer Privatsph\u00e4re entnehmen Sie bitte den der Datenschutzrichtlinie von Instagram unter <a href=\"https:\/\/help.instagram.com\/519522125107875\">https:\/\/help.instagram.com\/519522125107875<\/a>.<\/p>\n\n\n\n<p>7. <strong>YouTube<\/strong><\/p>\n\n\n\n<p>Wenn wir Komponenten (Videos) des Unternehmens\nYouTube, LLC 901 Cherry Ave., 94066 San Bruno, CA, USA (Im Folgenden:\n\u201eYouTube\u201c), einem Unternehmen der Google Inc., Amphitheatre Parkway, Mountain\nView, CA 94043, USA (Im Folgenden: \u201eGoogle\u201c) auf unseren Internetseiten einbinden,\nerfolgt die Implementierung aufgrund von Art. 6 Abs. 1 S. 1 lit. f DSGVO, wobei\nunser Interesse in der reibungslosen Integration der Videos und der damit\nansprechenden Gestaltung unserer Webseite liegt.<\/p>\n\n\n\n<p>Die Einbindung erfolgt entsprechend der Einbindung der\nSocial Media Plugins mittels einer L\u00f6sung, die verhindert, dass bereits eine\nVerbindung zu Google aufgebaut wird, nur weil Sie eine Seite mit einem\nimplementierten Video aufrufen, ohne das Video zu aktivieren. Das bedeutet,\ndass erst dann Informationen an YouTube \u00fcbermittelt werden, wenn Sie das Video\nzum Ansehen anklicken.<\/p>\n\n\n\n<p>Google beachtet die Datenschutzbestimmungen des\n\u201eUS-Privacy-Shield\u201c und ist beim \u201eUS-Privacy Shield\u201c-Programm des\nUS-Handelsministeriums registriert.<\/p>\n\n\n\n<p>Weitere Informationen zum Datenschutz im Zusammenhang mit YouTube finden Sie in den Datenschutzbestimmungen von Google unter <a href=\"https:\/\/www.google.de\/intl\/de\/policies\/privacy\/\">https:\/\/www.google.de\/intl\/de\/policies\/privacy\/<\/a>.<\/p>\n\n\n\n<p><strong>8. Betroffenenrechte<\/strong><\/p>\n\n\n\n<p>Sie\nhaben das Recht: <\/p>\n\n\n\n<ul><li>gem\u00e4\u00df Art.\n     7 Abs. 3 DSGVO Ihre einmal erteilte Einwilligung jederzeit gegen\u00fcber uns\n     zu widerrufen. Dies hat zur Folge, dass wir die Datenverarbeitung, die auf\n     dieser Einwilligung beruhte, f\u00fcr die Zukunft nicht mehr fortf\u00fchren d\u00fcrfen;<\/li><li>gem\u00e4\u00df Art.\n     15 DSGVO Auskunft \u00fcber Ihre von uns verarbeiteten personenbezogenen Daten\n     zu verlangen. Insbesondere k\u00f6nnen Sie Auskunft \u00fcber die\n     Verarbeitungszwecke, die Kategorie der personenbezogenen Daten, die\n     Kategorien von Empf\u00e4ngern, gegen\u00fcber denen Ihre Daten offengelegt wurden\n     oder werden, die geplante Speicherdauer, das Bestehen eines Rechts auf\n     Berichtigung, L\u00f6schung, Einschr\u00e4nkung der Verarbeitung oder Widerspruch,\n     das Bestehen eines Beschwerderechts, die Herkunft ihrer Daten, sofern\n     diese nicht bei uns erhoben wurden, sowie \u00fcber das Bestehen einer\n     automatisierten Entscheidungsfindung einschlie\u00dflich Profiling und ggf.\n     aussagekr\u00e4ftigen Informationen zu deren Einzelheiten verlangen;<\/li><li>gem\u00e4\u00df Art.\n     16 DSGVO unverz\u00fcglich die Berichtigung unrichtiger oder Vervollst\u00e4ndigung\n     Ihrer bei uns gespeicherten personenbezogenen Daten zu verlangen;<\/li><li>gem\u00e4\u00df Art.\n     17 DSGVO die L\u00f6schung Ihrer bei uns gespeicherten personenbezogenen Daten\n     zu verlangen, soweit nicht die Verarbeitung zur Aus\u00fcbung des Rechts auf\n     freie Meinungs\u00e4u\u00dferung und Information, zur Erf\u00fcllung einer rechtlichen\n     Verpflichtung, aus Gr\u00fcnden des \u00f6ffentlichen Interesses oder zur\n     Geltendmachung, Aus\u00fcbung oder Verteidigung von Rechtsanspr\u00fcchen\n     erforderlich ist;<\/li><li>gem\u00e4\u00df Art.\n     18 DSGVO die Einschr\u00e4nkung der Verarbeitung Ihrer personenbezogenen Daten\n     zu verlangen, soweit die Richtigkeit der Daten von Ihnen bestritten wird,\n     die Verarbeitung unrechtm\u00e4\u00dfig ist, Sie aber deren L\u00f6schung ablehnen und\n     wir die Daten nicht mehr ben\u00f6tigen, Sie jedoch diese zur Geltendmachung,\n     Aus\u00fcbung oder Verteidigung von Rechtsanspr\u00fcchen ben\u00f6tigen oder Sie gem\u00e4\u00df\n     Art. 21 DSGVO Widerspruch gegen die Verarbeitung eingelegt haben;<\/li><li>gem\u00e4\u00df Art.\n     20 DSGVO Ihre personenbezogenen Daten, die Sie uns bereitgestellt haben,\n     in einem strukturierten, g\u00e4ngigen und maschinenlesbaren Format zu erhalten\n     oder die \u00dcbermittlung an einen anderen Verantwortlichen zu verlangen und<\/li><li>gem\u00e4\u00df Art.\n     77 DSGVO sich bei einer Aufsichtsbeh\u00f6rde zu beschweren. In der Regel\n     k\u00f6nnen Sie sich hierf\u00fcr an die Aufsichtsbeh\u00f6rde ihres \u00fcblichen Aufenthaltsortes\n     oder Arbeitsplatzes oder unseres Vereinssitzes wenden.<\/li><\/ul>\n\n\n\n<p class=\"has-very-light-gray-background-color has-background\"><strong>Information \u00fcber Ihr Widerspruchsrecht nach Art. 21 DSGVO<\/strong><br> Sie haben das Recht, aus Gr\u00fcnden, die sich aus Ihrer besonderen Situation ergeben, jederzeit gegen die Verarbeitung Sie betreffender personenbezogener Daten, die aufgrund von Artikel 6 Abs. 1 S. 1 lit. e DSGVO (Datenverarbeitung im \u00f6ffentlichen Interesse) und Artikel 6 Abs. 1 S. 1 lit. f DSGVO (Datenverarbeitung auf der Grundlage einer Interessenabw\u00e4gung) erfolgt, Widerspruch einzulegen; dies gilt auch f\u00fcr ein auf diese Bestimmung gest\u00fctztes Profiling von Artikel 4 Nr. 4 DSGVO. <br><br> Legen Sie Widerspruch ein, werden wir Ihre personenbezogenen Daten nicht mehr verarbeiten, es sei denn, wir k\u00f6nnen zwingende schutzw\u00fcrdige Gr\u00fcnde f\u00fcr die Verarbeitung nachweisen, die Ihre Interessen, Rechte und Freiheiten \u00fcberwiegen, oder die Verarbeitung dient der Geltendmachung, Aus\u00fcbung oder Verteidigung von Rechtsanspr\u00fcchen. <br><br> Sofern sich Ihr Widerspruch gegen eine Verarbeitung von Daten zum Zwecke der Direktwerbung richtet, so werden wir die Verarbeitung umgehend einstellen. In diesem Fall ist die Angabe einer besonderen Situation nicht erforderlich. Dies gilt auch f\u00fcr das Profiling, soweit es mit solcher Direktwerbung in Verbindung steht. <br><br> M\u00f6chten Sie von Ihrem Widerspruchsrecht Gebrauch machen, gen\u00fcgt eine E-Mail an <a href=\"mailto:datenschutzkoordination@zv.fraunhofer.de\">datenschutzkoordination@zv.fraunhofer.de<\/a>. <\/p>\n\n\n\n<p><strong>9. Datensicherheit<\/strong><\/p>\n\n\n\n<p>Alle\nvon Ihnen pers\u00f6nlich \u00fcbermittelten Daten werden mit dem allgemein \u00fcblichen und\nsicheren Standard TLS (Transport Layer Security) verschl\u00fcsselt \u00fcbertragen. TLS\nist ein sicherer und erprobter Standard, der z.B. auch beim Onlinebanking\nVerwendung findet. Sie erkennen eine sichere TLS-Verbindung unter anderem an\ndem angeh\u00e4ngten s am http (also https:\/\/..) in der Adressleiste Ihres Browsers\noder am Schloss-Symbol im unteren Bereich Ihres Browsers.<\/p>\n\n\n\n<p>Wir bedienen uns im \u00dcbrigen geeigneter technischer und organisatorischer Sicherheitsma\u00dfnahmen, um Ihre Daten gegen zuf\u00e4llige oder vors\u00e4tzliche Manipulationen, teilweisen oder vollst\u00e4ndigen Verlust, Zerst\u00f6rung oder gegen den unbefugten Zugriff Dritter zu sch\u00fctzen. Unsere Sicherheitsma\u00dfnahmen werden entsprechend der technologischen Entwicklung fortlaufend verbessert.<\/p>\n\n\n\n<p><strong>10. Aktualit\u00e4t und \u00c4nderung dieser Datenschutzinformation<\/strong><\/p>\n\n\n\n<p>Durch\ndie Weiterentwicklung unserer Webseite und Angebote dar\u00fcber oder aufgrund\nge\u00e4nderter gesetzlicher bzw. beh\u00f6rdlicher Vorgaben kann es notwendig werden,\ndiese Datenschutzinformation zu \u00e4ndern. Die jeweils aktuelle\nDatenschutzinformation kann jederzeit auf der Webseite von Ihnen abgerufen und\nausgedruckt werden.<\/p>\n","protected":false},"excerpt":{"rendered":"<p>Das Informationszentrum Benchmarking ist ein Projekt des Fraunhofer-Instituts f\u00fcr Produktionsanlagen und Konstruktionstechnik IPK. Im Rahmen der Nutzung dieser Webseite werden personenbezogene Daten von Ihnen durch uns als den f\u00fcr die Datenverarbeitung Verantwortlichen verarbeitet und f\u00fcr die Dauer gespeichert, die zur&#8230;<\/p>\n","protected":false},"author":1,"featured_media":0,"parent":0,"menu_order":0,"comment_status":"closed","ping_status":"closed","template":"","meta":[],"_links":{"self":[{"href":"https:\/\/izb.ipk.fraunhofer.de\/index.php?rest_route=\/wp\/v2\/pages\/1603"}],"collection":[{"href":"https:\/\/izb.ipk.fraunhofer.de\/index.php?rest_route=\/wp\/v2\/pages"}],"about":[{"href":"https:\/\/izb.ipk.fraunhofer.de\/index.php?rest_route=\/wp\/v2\/types\/page"}],"author":[{"embeddable":true,"href":"https:\/\/izb.ipk.fraunhofer.de\/index.php?rest_route=\/wp\/v2\/users\/1"}],"replies":[{"embeddable":true,"href":"https:\/\/izb.ipk.fraunhofer.de\/index.php?rest_route=%2Fwp%2Fv2%2Fcomments&post=1603"}],"version-history":[{"count":4,"href":"https:\/\/izb.ipk.fraunhofer.de\/index.php?rest_route=\/wp\/v2\/pages\/1603\/revisions"}],"predecessor-version":[{"id":1687,"href":"https:\/\/izb.ipk.fraunhofer.de\/index.php?rest_route=\/wp\/v2\/pages\/1603\/revisions\/1687"}],"wp:attachment":[{"href":"https:\/\/izb.ipk.fraunhofer.de\/index.php?rest_route=%2Fwp%2Fv2%2Fmedia&parent=1603"}],"curies":[{"name":"wp","href":"https:\/\/api.w.org\/{rel}","templated":true}]}}