{"id":42,"date":"2017-11-08T15:15:27","date_gmt":"2017-11-08T14:15:27","guid":{"rendered":"http:\/\/wp3.ipk.fraunhofer.de\/?page_id=42"},"modified":"2018-03-12T13:37:45","modified_gmt":"2018-03-12T12:37:45","slug":"jobs-karriere","status":"publish","type":"page","link":"https:\/\/izb.ipk.fraunhofer.de\/?page_id=42&lang=de","title":{"rendered":"Jobs &#038; Karriere"},"content":{"rendered":"<p><span lang=\"DE\">Auch f\u00fcr Studierende gibt es immer wieder M\u00f6glichkeiten, im Bereich Benchmarking und Performance Management mitzuarbeiten.<\/span><\/p>\n<p>Einerseits betreuen unsere Mitarbeiterinnen und Mitarbeiter st\u00e4ndig Master- bzw. Diplom- und Studienarbeiten sowie Praktika zu aktuellen Themen in den Arbeitsgebieten des Teams. Daneben suchen wir im Zusammenhang mit unseren nationalen und internationalen Projekten h\u00e4ufig studentische bzw. wissenschaftliche Hilfskr\u00e4fte f\u00fcr Jobs zwischen 60 und 80 Stunden monatlich.<\/p>\n<p>Im Hinblick auf den interdisziplin\u00e4ren Charakter von innovations- und technologiebezogenen Fragestellungen sind wir prinzipiell offen f\u00fcr Studierende aus sowohl naturwissenschaftlich-technischen als auch wirtschafts- und sozialwissenschaftlichen Fachrichtungen. Die jeweiligen Einzelheiten sind nat\u00fcrlich im konkreten Aufgabenbezug abzusprechen.<\/p>\n<p><strong><a class=\"external-link-new-window\" title=\"Opens external link in new window\" href=\"https:\/\/recruiting.fraunhofer.de\/Jobs\/1\" target=\"_blank\" rel=\"noopener\">Hier geht es zu den aktuellen Stellenangeboten des Fraunhofer IPK.<\/a><\/strong><\/p>\n<p>&nbsp;<\/p>\n","protected":false},"excerpt":{"rendered":"<p>Auch f\u00fcr Studierende gibt es immer wieder M\u00f6glichkeiten, im Bereich Benchmarking und Performance Management mitzuarbeiten. Einerseits betreuen unsere Mitarbeiterinnen und Mitarbeiter st\u00e4ndig Master- bzw. Diplom- und Studienarbeiten sowie Praktika zu aktuellen Themen in den Arbeitsgebieten des Teams. Daneben suchen wir&#8230;<\/p>\n","protected":false},"author":1,"featured_media":0,"parent":0,"menu_order":0,"comment_status":"closed","ping_status":"closed","template":"","meta":[],"_links":{"self":[{"href":"https:\/\/izb.ipk.fraunhofer.de\/index.php?rest_route=\/wp\/v2\/pages\/42"}],"collection":[{"href":"https:\/\/izb.ipk.fraunhofer.de\/index.php?rest_route=\/wp\/v2\/pages"}],"about":[{"href":"https:\/\/izb.ipk.fraunhofer.de\/index.php?rest_route=\/wp\/v2\/types\/page"}],"author":[{"embeddable":true,"href":"https:\/\/izb.ipk.fraunhofer.de\/index.php?rest_route=\/wp\/v2\/users\/1"}],"replies":[{"embeddable":true,"href":"https:\/\/izb.ipk.fraunhofer.de\/index.php?rest_route=%2Fwp%2Fv2%2Fcomments&post=42"}],"version-history":[{"count":10,"href":"https:\/\/izb.ipk.fraunhofer.de\/index.php?rest_route=\/wp\/v2\/pages\/42\/revisions"}],"predecessor-version":[{"id":382,"href":"https:\/\/izb.ipk.fraunhofer.de\/index.php?rest_route=\/wp\/v2\/pages\/42\/revisions\/382"}],"wp:attachment":[{"href":"https:\/\/izb.ipk.fraunhofer.de\/index.php?rest_route=%2Fwp%2Fv2%2Fmedia&parent=42"}],"curies":[{"name":"wp","href":"https:\/\/api.w.org\/{rel}","templated":true}]}}