{"id":59,"date":"2017-11-08T15:28:06","date_gmt":"2017-11-08T14:28:06","guid":{"rendered":"http:\/\/wp3.ipk.fraunhofer.de\/?page_id=59"},"modified":"2018-12-18T13:07:36","modified_gmt":"2018-12-18T12:07:36","slug":"referenzen","status":"publish","type":"page","link":"https:\/\/izb.ipk.fraunhofer.de\/?page_id=59&lang=de","title":{"rendered":"Referenzen"},"content":{"rendered":"<h3>Benchmarking im Bereich Forschung und Entwicklung<\/h3>\n<table class=\"contenttable\">\n<tbody>\n<tr>\n<td class=\"Inhalt1\" valign=\"top\"><strong>Auftraggeber:<\/strong><\/td>\n<td class=\"Inhalt1\" valign=\"top\">F\u00fchrendes deutsches Unternehmen aus der Luftfahrtindustrie<\/td>\n<\/tr>\n<tr>\n<td valign=\"top\"><strong>Partner:<\/strong><\/td>\n<td>F\u00fchrende europ\u00e4ische Flugsicherungsdienstleister, eine Organisation aus der Verkehr- und Fahrzeugforschung sowie ein Unternehmen aus dem Maschinen- und Anlagenbau<\/td>\n<\/tr>\n<tr>\n<td valign=\"top\"><strong>Laufzeit:<\/strong><\/td>\n<td valign=\"top\">8 Monate<\/td>\n<\/tr>\n<tr>\n<td valign=\"top\"><strong>Inhalt:<\/strong><\/td>\n<td style=\"text-align: justify;\" valign=\"top\">Ziel des Projektes war es, den Bereich Forschung &amp; Entwicklung mit international f\u00fchrenden Unternehmen der Branche einem Vergleich zu unterziehen. Wesentliche Aufgabenstellung ist die Positionsbestimmung der inhaltlichen Forschungs- und Entwicklungst\u00e4tigkeit im internationalen Umfeld. Weiterhin soll eine Vergleichbarkeit der Themenfelder \u201eSimulatoren\u201c und \u201eDrittmittel\u201c hergestellt werden, um zuk\u00fcnftig kontinuierlich eigenst\u00e4ndig Benchmarks im Bereich Forschung &amp; Entwicklung durchf\u00fchren zu k\u00f6nnen.<\/td>\n<\/tr>\n<\/tbody>\n<\/table>\n<h3>Benchmarking Corporate Communications<\/h3>\n<table class=\"contenttable\" cellspacing=\"4\" cellpadding=\"1\">\n<tbody>\n<tr>\n<td class=\"Inhalt1\" valign=\"top\"><strong>Auftraggeber:<\/strong><\/td>\n<td class=\"Inhalt1\" valign=\"top\">Deutscher Automobilhersteller<\/td>\n<\/tr>\n<tr>\n<td valign=\"top\"><strong>Partner:<\/strong><\/td>\n<td>F\u00fchrende europ\u00e4ische Unternehmen verschiedener Branchen<\/td>\n<\/tr>\n<tr>\n<td valign=\"top\"><strong>Laufzeit:<\/strong><\/td>\n<td valign=\"top\">7 Monate<\/td>\n<\/tr>\n<tr>\n<td valign=\"top\"><strong>Inhalt:<\/strong><\/td>\n<td style=\"text-align: justify;\" valign=\"top\">Vergleich der Organisationsstruktur (Organisationsbenchmarking) und ausgew\u00e4hlter Prozesse (Prozessbenchmarking) im Bereich der Unternehmenskommunikation von 9 global-agierenden Unternehmen aus verschiedenen Branchen. F\u00fcr die Bereiche Organisationsstruktur der Unternehmenskommunikation, Strategien, Outsourcing, Pressearbeit, Investor Relations, Interne Kommunikation, Internationale Koordination der Kommunikation, Public Relations und Firmengeschichte sowie Neue Medien wurden Daten bei Vor-Ort-Besuchen erhoben. Die einzelnen St\u00e4rken und Verbesserungsbereiche der Unternehmen wurden identifiziert, abgeleitet und umgesetzt.<\/td>\n<\/tr>\n<\/tbody>\n<\/table>\n<h3>Benchmarking im Bereich der Neu-Produkteinf\u00fchrung (Time to Market)<\/h3>\n<table class=\"contenttable\" cellspacing=\"4\" cellpadding=\"0\">\n<tbody>\n<tr>\n<td class=\"Inhalt1\" valign=\"top\"><strong>Auftraggeber:<\/strong><\/td>\n<td class=\"Inhalt1\" valign=\"top\">\n<div>F\u00fchrendes deutsches Unternehmen der Porzellanindustrie<\/div>\n<\/td>\n<\/tr>\n<tr>\n<td valign=\"top\"><strong>Partner:<\/strong><\/td>\n<td valign=\"top\">F\u00fchrende europ\u00e4ische Unternehmen der Porzellan- und Glasindustrie<\/td>\n<\/tr>\n<tr>\n<td valign=\"top\"><strong>Laufzeit:<\/strong><\/td>\n<td valign=\"top\">7 Monate<\/td>\n<\/tr>\n<tr>\n<td valign=\"top\"><strong>Inhalt:<\/strong><\/td>\n<td style=\"text-align: justify;\" valign=\"top\">Analyse und Bewertung des Prozesses der Produktentwicklung von der Produktidee bis zur Serienreife. Die Untersuchung vereinte eine fokussierte Betrachtung der unterst\u00fctzenden Softwaresysteme (CAD\/CAM) sowie der Organisations- und Kostenstrukturen. Ein Ergebnis dieses Projektes war eine Neu-Ausrichtung der Abteilungen Marketing\/ Vertrieb und die Einf\u00fchrung einer Produkt-entwicklungsinstanz mit klar definierten Verantwortungen und Prozessvollmachten.<\/td>\n<\/tr>\n<\/tbody>\n<\/table>\n<h3>Benchmarking im Bereich Pr\u00fcffeld (Pr\u00fcfung von Komponenten)<\/h3>\n<table class=\"contenttable\" cellspacing=\"4\" cellpadding=\"0\">\n<tbody>\n<tr>\n<td class=\"Inhalt1\" valign=\"top\"><strong>Auftraggeber:<\/strong><\/td>\n<td class=\"Inhalt1\" valign=\"top\">\n<div>F\u00fchrendes deutsches Unternehmen der Automobilindustrie<\/div>\n<\/td>\n<\/tr>\n<tr>\n<td valign=\"top\"><strong>Partner:<\/strong><\/td>\n<td valign=\"top\">F\u00fchrender Transporthersteller und Automobilzulieferer<\/td>\n<\/tr>\n<tr>\n<td valign=\"top\"><strong>Laufzeit:<\/strong><\/td>\n<td valign=\"top\">6 Monate<\/td>\n<\/tr>\n<tr>\n<td valign=\"top\"><strong>Inhalt:<\/strong><\/td>\n<td style=\"text-align: justify;\" valign=\"top\">Analyse und Bewertung des Prozesses der Komponentenpr\u00fcfung. Die vorwiegende Betrachtung der Untersuchung lag in der Erstellung des Angebotes f\u00fcr den Pr\u00fcfling, in der Optimierung des Lagersystems f\u00fcr Adaptionsvorrichtungen und in der Verbesserung der unterst\u00fctzenden Pr\u00fcffeldprozesse. Ein Ergebnis dieses Projektes war die Reduzierung der Pr\u00fcfst\u00e4nde und die Erh\u00f6hung des Auslastungsgrades sowie signifikante Kosteneinsparungen im gesamten Bereich Pr\u00fcffeld.<\/td>\n<\/tr>\n<\/tbody>\n<\/table>\n<h3>Kennzahlen-Benchmarking in KMU<\/h3>\n<table class=\"contenttable\" cellspacing=\"4\" cellpadding=\"0\">\n<tbody>\n<tr>\n<td class=\"Inhalt1\" valign=\"top\"><strong>Auftraggeber:<\/strong><\/td>\n<td class=\"Inhalt1\" valign=\"top\">\n<div>Deutscher Automobilzulieferer<\/div>\n<\/td>\n<\/tr>\n<tr>\n<td valign=\"top\"><strong>Partner:<\/strong><\/td>\n<td valign=\"top\">Kleine und mittelst\u00e4ndische deutsche Automobilzulieferer<\/td>\n<\/tr>\n<tr>\n<td valign=\"top\"><strong>Laufzeit:<\/strong><\/td>\n<td valign=\"top\">7 Monate<\/td>\n<\/tr>\n<tr>\n<td valign=\"top\"><strong>Inhalt:<\/strong><\/td>\n<td style=\"text-align: justify;\">Es wurde f\u00fcr ein KMU ein einfaches Kennzahlensystem erarbeitet, dass an \u00fcber 50 Unternehmen aus der Branche weitergegeben wurde. Aus dem R\u00fccklauf konnten wertvolle Informationen zum Stand der Leistungsf\u00e4higkeit anderer Unternehmen gewonnen werden. Mit den besten Unternehmen dieses Vergleichs wurden abschlie\u00dfend Best Practice-Treffen organisiert, um einen Standard f\u00fcr die Automobilindustrie zu definieren.<\/td>\n<\/tr>\n<\/tbody>\n<\/table>\n<h3>Internes Kennzahlen-Benchmarking System<\/h3>\n<table class=\"contenttable\" cellspacing=\"4\" cellpadding=\"0\">\n<tbody>\n<tr>\n<td class=\"Inhalt1\" valign=\"top\"><strong>Auftraggeber:<\/strong><\/td>\n<td class=\"Inhalt1\" valign=\"top\">\n<div>F\u00fchrender europ\u00e4ischer Automobilzulieferer<\/div>\n<\/td>\n<\/tr>\n<tr>\n<td valign=\"top\"><strong>Laufzeit:<\/strong><\/td>\n<td valign=\"top\">3 Monate<\/td>\n<\/tr>\n<tr>\n<td valign=\"top\"><strong>Inhalt:<\/strong><\/td>\n<td style=\"text-align: justify;\" valign=\"top\">Ziel des Projektes war es ein internes Benchmarking System zu entwickeln, mit dem die Produktionsstandorte verglichen werden k\u00f6nnen und zugleich ein systematischer Verbesserungsprozess initiiert wird.\u00a0 Nachdem die Werke analysiert wurden, um Vergleichsgruppen zu bilden wurde ein Kennzahlensystem entwickelt und samt der Daten der Werke in einer Business-Analytics L\u00f6sung als Benchmarking-Dashboards visualisiert. Die Ergebnisse der Analyse wurden als Basis f\u00fcr die Zieldefinition der Werke und ein intranet-basiertes Ma\u00dfnahmenmanagement-System sowie einem Best-Practice-Transfersystem genutzt.<\/td>\n<\/tr>\n<\/tbody>\n<\/table>\n","protected":false},"excerpt":{"rendered":"<p>Benchmarking im Bereich Forschung und Entwicklung Auftraggeber: F\u00fchrendes deutsches Unternehmen aus der Luftfahrtindustrie Partner: F\u00fchrende europ\u00e4ische Flugsicherungsdienstleister, eine Organisation aus der Verkehr- und Fahrzeugforschung sowie ein Unternehmen aus dem Maschinen- und Anlagenbau Laufzeit: 8 Monate Inhalt: Ziel des Projektes war&#8230;<\/p>\n","protected":false},"author":1,"featured_media":0,"parent":0,"menu_order":0,"comment_status":"closed","ping_status":"closed","template":"","meta":[],"_links":{"self":[{"href":"https:\/\/izb.ipk.fraunhofer.de\/index.php?rest_route=\/wp\/v2\/pages\/59"}],"collection":[{"href":"https:\/\/izb.ipk.fraunhofer.de\/index.php?rest_route=\/wp\/v2\/pages"}],"about":[{"href":"https:\/\/izb.ipk.fraunhofer.de\/index.php?rest_route=\/wp\/v2\/types\/page"}],"author":[{"embeddable":true,"href":"https:\/\/izb.ipk.fraunhofer.de\/index.php?rest_route=\/wp\/v2\/users\/1"}],"replies":[{"embeddable":true,"href":"https:\/\/izb.ipk.fraunhofer.de\/index.php?rest_route=%2Fwp%2Fv2%2Fcomments&post=59"}],"version-history":[{"count":102,"href":"https:\/\/izb.ipk.fraunhofer.de\/index.php?rest_route=\/wp\/v2\/pages\/59\/revisions"}],"predecessor-version":[{"id":1195,"href":"https:\/\/izb.ipk.fraunhofer.de\/index.php?rest_route=\/wp\/v2\/pages\/59\/revisions\/1195"}],"wp:attachment":[{"href":"https:\/\/izb.ipk.fraunhofer.de\/index.php?rest_route=%2Fwp%2Fv2%2Fmedia&parent=59"}],"curies":[{"name":"wp","href":"https:\/\/api.w.org\/{rel}","templated":true}]}}