{"id":61,"date":"2017-11-08T15:28:23","date_gmt":"2017-11-08T14:28:23","guid":{"rendered":"http:\/\/wp3.ipk.fraunhofer.de\/?page_id=61"},"modified":"2021-03-10T20:45:08","modified_gmt":"2021-03-10T19:45:08","slug":"informationsmaterial","status":"publish","type":"page","link":"https:\/\/izb.ipk.fraunhofer.de\/?page_id=61&lang=de","title":{"rendered":"Informationsmaterial"},"content":{"rendered":"<div class=\"row\">\n<div class=\"column\">Das IZB<br><a href=\"https:\/\/izb.ipk.fraunhofer.de\/wp-content\/uploads\/2018\/03\/Informationszentrum-Benchmarking.pdf\"><img loading=\"lazy\" class=\"alignnone size-medium wp-image-1081\" src=\"https:\/\/izb.ipk.fraunhofer.de\/wp-content\/uploads\/2018\/12\/1.IZB_Produktblatt_Informationszentrum-Benchmarking_Seite_1-212x300.png\" alt=\"\" width=\"212\" height=\"300\" srcset=\"https:\/\/izb.ipk.fraunhofer.de\/wp-content\/uploads\/2018\/12\/1.IZB_Produktblatt_Informationszentrum-Benchmarking_Seite_1-212x300.png 212w, https:\/\/izb.ipk.fraunhofer.de\/wp-content\/uploads\/2018\/12\/1.IZB_Produktblatt_Informationszentrum-Benchmarking_Seite_1.png 596w\" sizes=\"(max-width: 212px) 100vw, 212px\" \/><br><\/a><\/div>\n<div class=\"column\">Prozessbenchmarking<br><a href=\"http:\/\/www.ipk.fraunhofer.de\/fileadmin\/user_upload\/IPK\/publikationen\/themenblaetter\/IZB_Produktblatt_Benchmarking.pdf\"><img loading=\"lazy\" class=\"alignnone size-medium wp-image-1084\" src=\"https:\/\/izb.ipk.fraunhofer.de\/wp-content\/uploads\/2018\/12\/2.-IZB_Produktblatt_Benchmarking_Seite_1-212x300.png\" alt=\"\" width=\"212\" height=\"300\" srcset=\"https:\/\/izb.ipk.fraunhofer.de\/wp-content\/uploads\/2018\/12\/2.-IZB_Produktblatt_Benchmarking_Seite_1-212x300.png 212w, https:\/\/izb.ipk.fraunhofer.de\/wp-content\/uploads\/2018\/12\/2.-IZB_Produktblatt_Benchmarking_Seite_1.png 596w\" sizes=\"(max-width: 212px) 100vw, 212px\" \/><br><\/a><\/div>\n<div class=\"column\">Benchmarking f\u00fcr KMU<br><a href=\"http:\/\/www.ipk.fraunhofer.de\/fileadmin\/user_upload\/IPK\/publikationen\/themenblaetter\/IZB_Produktblatt_Benchmarking-fuer-KMU.pdf\"><img loading=\"lazy\" class=\"alignnone size-medium wp-image-1085\" src=\"https:\/\/izb.ipk.fraunhofer.de\/wp-content\/uploads\/2018\/12\/3.-IZB_Produktblatt_Benchmarking-fuer-KMU_Seite_1-212x300.png\" alt=\"\" width=\"212\" height=\"300\" srcset=\"https:\/\/izb.ipk.fraunhofer.de\/wp-content\/uploads\/2018\/12\/3.-IZB_Produktblatt_Benchmarking-fuer-KMU_Seite_1-212x300.png 212w, https:\/\/izb.ipk.fraunhofer.de\/wp-content\/uploads\/2018\/12\/3.-IZB_Produktblatt_Benchmarking-fuer-KMU_Seite_1.png 596w\" sizes=\"(max-width: 212px) 100vw, 212px\" \/><br><\/a><\/div>\n<\/div>\n<div class=\"row\">\n<div class=\"column\">Sektor-Studien<br><a href=\"http:\/\/www.ipk.fraunhofer.de\/fileadmin\/user_upload\/IPK\/publikationen\/themenblaetter\/IZB_Produktblatt_Sektorstudien-und-Analysen.pdf\"><img loading=\"lazy\" class=\"alignnone size-medium wp-image-1087\" src=\"https:\/\/izb.ipk.fraunhofer.de\/wp-content\/uploads\/2018\/12\/4.-IZB_Produktblatt_Sektorstudien-und-Analysen_Seite_1-212x300.png\" alt=\"\" width=\"212\" height=\"300\" srcset=\"https:\/\/izb.ipk.fraunhofer.de\/wp-content\/uploads\/2018\/12\/4.-IZB_Produktblatt_Sektorstudien-und-Analysen_Seite_1-212x300.png 212w, https:\/\/izb.ipk.fraunhofer.de\/wp-content\/uploads\/2018\/12\/4.-IZB_Produktblatt_Sektorstudien-und-Analysen_Seite_1.png 596w\" sizes=\"(max-width: 212px) 100vw, 212px\" \/><br><\/a><\/div>\n<div class=\"column\">Kennzahlen-BM f\u00fcr KMU<br><a href=\"http:\/\/www.ipk.fraunhofer.de\/fileadmin\/user_upload\/IPK\/publikationen\/themenblaetter\/IZB_Produktblatt_Kennzahlen_Benchmarking-fuer-KMU.pdf\"><img loading=\"lazy\" class=\"alignnone size-medium wp-image-1093\" src=\"https:\/\/izb.ipk.fraunhofer.de\/wp-content\/uploads\/2018\/12\/IZB_KPI-Benchmarking-for-SME_Seite_1-212x300.png\" alt=\"\" width=\"212\" height=\"300\" srcset=\"https:\/\/izb.ipk.fraunhofer.de\/wp-content\/uploads\/2018\/12\/IZB_KPI-Benchmarking-for-SME_Seite_1-212x300.png 212w, https:\/\/izb.ipk.fraunhofer.de\/wp-content\/uploads\/2018\/12\/IZB_KPI-Benchmarking-for-SME_Seite_1.png 596w\" sizes=\"(max-width: 212px) 100vw, 212px\" \/><br><\/a><\/div>\n<div>\n<div class=\"column\">BM im \u00f6ffentlichen Sektor<br><a href=\"http:\/\/www.ipk.fraunhofer.de\/fileadmin\/user_upload\/IPK\/publikationen\/themenblaetter\/IZB_Produktblatt_Benchmarking-im-oeffentlichen-Sektor.pdf\"><img loading=\"lazy\" class=\"alignnone size-medium wp-image-1092\" src=\"https:\/\/izb.ipk.fraunhofer.de\/wp-content\/uploads\/2018\/12\/6.-IZB_Produktblatt_Benchmarking-im-oeffentlichen-Sektor_Seite_1-212x300.png\" alt=\"\" width=\"212\" height=\"300\" srcset=\"https:\/\/izb.ipk.fraunhofer.de\/wp-content\/uploads\/2018\/12\/6.-IZB_Produktblatt_Benchmarking-im-oeffentlichen-Sektor_Seite_1-212x300.png 212w, https:\/\/izb.ipk.fraunhofer.de\/wp-content\/uploads\/2018\/12\/6.-IZB_Produktblatt_Benchmarking-im-oeffentlichen-Sektor_Seite_1.png 596w\" sizes=\"(max-width: 212px) 100vw, 212px\" \/><br><\/a><\/div>\n<\/div>\n<div class=\"row\">\n<div class=\"column\">Referenzen<br><a href=\"https:\/\/izb.ipk.fraunhofer.de\/wp-content\/uploads\/2018\/03\/Auszug-aus-den-Referenzen-des-IZB.pdf\"><img loading=\"lazy\" class=\"alignnone size-medium wp-image-1090\" src=\"https:\/\/izb.ipk.fraunhofer.de\/wp-content\/uploads\/2018\/12\/7.-IZB_Referenzen_Seite_01-212x300.png\" alt=\"\" width=\"212\" height=\"300\" srcset=\"https:\/\/izb.ipk.fraunhofer.de\/wp-content\/uploads\/2018\/12\/7.-IZB_Referenzen_Seite_01-212x300.png 212w, https:\/\/izb.ipk.fraunhofer.de\/wp-content\/uploads\/2018\/12\/7.-IZB_Referenzen_Seite_01.png 596w\" sizes=\"(max-width: 212px) 100vw, 212px\" \/><br><\/a><\/div>\n<div class=\"column\">Benchmarking-Seminar<br><a href=\"http:\/\/www.ipk.fraunhofer.de\/fileadmin\/user_upload\/IPK\/publikationen\/themenblaetter\/IZB_Produktblatt_Seminar-Grundlagen-des-Benchmarking.pdf\"><img loading=\"lazy\" class=\"alignnone size-medium wp-image-1096\" src=\"https:\/\/izb.ipk.fraunhofer.de\/wp-content\/uploads\/2018\/12\/8.-IZB_Produktblatt_Seminar-Grundlagen-des-Benchmarking-212x300.png\" alt=\"\" width=\"212\" height=\"300\" srcset=\"https:\/\/izb.ipk.fraunhofer.de\/wp-content\/uploads\/2018\/12\/8.-IZB_Produktblatt_Seminar-Grundlagen-des-Benchmarking-212x300.png 212w, https:\/\/izb.ipk.fraunhofer.de\/wp-content\/uploads\/2018\/12\/8.-IZB_Produktblatt_Seminar-Grundlagen-des-Benchmarking.png 596w\" sizes=\"(max-width: 212px) 100vw, 212px\" \/><br><\/a><\/div>\n<div class=\"column\">Verhaltenskodex <br><a href=\"http:\/\/www.ipk.fraunhofer.de\/fileadmin\/user_upload\/_imported\/fileadmin\/user_upload\/IPK_FHG\/publikationen\/themenblaetter\/um_izb_verhaltenskodex_benchmarking.pdf\"><img loading=\"lazy\" class=\"alignnone size-medium wp-image-1099\" src=\"https:\/\/izb.ipk.fraunhofer.de\/wp-content\/uploads\/2018\/12\/9.-um_izb_verhaltenskodex_benchmarking_Seite_1-212x300.png\" alt=\"\" width=\"212\" height=\"300\" srcset=\"https:\/\/izb.ipk.fraunhofer.de\/wp-content\/uploads\/2018\/12\/9.-um_izb_verhaltenskodex_benchmarking_Seite_1-212x300.png 212w, https:\/\/izb.ipk.fraunhofer.de\/wp-content\/uploads\/2018\/12\/9.-um_izb_verhaltenskodex_benchmarking_Seite_1.png 596w\" sizes=\"(max-width: 212px) 100vw, 212px\" \/><br><\/a><\/div>\n<div class=\"row\">\n<div class=\"column\">&nbsp;<\/div>\n<\/div>\n<\/div>\n<\/div>\n\n\n<p><\/p>\n\n\n<div class=\"row\"><\/div>","protected":false},"excerpt":{"rendered":"<p>Das IZB Prozessbenchmarking Benchmarking f\u00fcr KMU Sektor-Studien Kennzahlen-BM f\u00fcr KMU BM im \u00f6ffentlichen Sektor Referenzen Benchmarking-Seminar Verhaltenskodex &nbsp;<\/p>\n","protected":false},"author":1,"featured_media":0,"parent":0,"menu_order":0,"comment_status":"closed","ping_status":"closed","template":"","meta":[],"_links":{"self":[{"href":"https:\/\/izb.ipk.fraunhofer.de\/index.php?rest_route=\/wp\/v2\/pages\/61"}],"collection":[{"href":"https:\/\/izb.ipk.fraunhofer.de\/index.php?rest_route=\/wp\/v2\/pages"}],"about":[{"href":"https:\/\/izb.ipk.fraunhofer.de\/index.php?rest_route=\/wp\/v2\/types\/page"}],"author":[{"embeddable":true,"href":"https:\/\/izb.ipk.fraunhofer.de\/index.php?rest_route=\/wp\/v2\/users\/1"}],"replies":[{"embeddable":true,"href":"https:\/\/izb.ipk.fraunhofer.de\/index.php?rest_route=%2Fwp%2Fv2%2Fcomments&post=61"}],"version-history":[{"count":84,"href":"https:\/\/izb.ipk.fraunhofer.de\/index.php?rest_route=\/wp\/v2\/pages\/61\/revisions"}],"predecessor-version":[{"id":1635,"href":"https:\/\/izb.ipk.fraunhofer.de\/index.php?rest_route=\/wp\/v2\/pages\/61\/revisions\/1635"}],"wp:attachment":[{"href":"https:\/\/izb.ipk.fraunhofer.de\/index.php?rest_route=%2Fwp%2Fv2%2Fmedia&parent=61"}],"curies":[{"name":"wp","href":"https:\/\/api.w.org\/{rel}","templated":true}]}}