{"id":70,"date":"2017-11-08T15:54:19","date_gmt":"2017-11-08T14:54:19","guid":{"rendered":"http:\/\/wp3.ipk.fraunhofer.de\/?page_id=70"},"modified":"2020-02-03T15:24:40","modified_gmt":"2020-02-03T14:24:40","slug":"informtionszentrum-benchmarking","status":"publish","type":"page","link":"https:\/\/izb.ipk.fraunhofer.de\/?page_id=70&lang=de","title":{"rendered":"Informationszentrum Benchmarking"},"content":{"rendered":"<p style=\"text-align: justify;\">\u00dcber die letzten Jahrzehnte hat sich das Informationszentrum Benchmarking (IZB) am Fraunhofer-Institut f\u00fcr Produktionsanlagen und Konstruktionstechnik IPK als eine Institution zum Thema Benchmarking in Europa etabliert. Seit 1994 treiben wir durch internationale Forschung und Beratung das Wissen und die Anwendung des Management Tools Benchmarking voran. Dabei ist sowohl die technische und kaufm\u00e4nnische Expertise des Fraunhofer IPK, als auch unsere Verbindung in einem starken internationalen Netzwerk von Fachexperten, Praktikern und Privatunternehmen unter anderem durch das Global Benchmarking Network (GBN) entscheidend. Mit dieser Verzahnung von Theorie und Praxis wollen wir durch die Entwicklung und Anwendung anspruchsvoller Management-Methoden unseren Kunden und Partnern erm\u00f6glichen, langfristig wettbewerbsf\u00e4hig zu sein.<\/p>\n<p>Das Leistungsangebot des IZB l\u00e4sst sich in die drei Hauptthemenfelder Prozess-, Produkt- und Performance-Benchmarking unterteilen. Gern unterst\u00fctzen wir Sie bei der Durchf\u00fchrung Ihrer Benchmarking-Projekte, von der Zielfindung bis zur Umsetzung.<\/p>\n<div id=\"teaser_row\" class=\"row\">\n<div class=\"column\">\n<div id=\"Prozess_Card\" class=\"card\"><img loading=\"lazy\" class=\"alignnone size-full wp-image-884\" style=\"width: 100%;\" src=\"https:\/\/izb.ipk.fraunhofer.de\/wp-content\/uploads\/2018\/12\/process_teaser2.jpg\" alt=\"\" width=\"1654\" height=\"590\" srcset=\"https:\/\/izb.ipk.fraunhofer.de\/wp-content\/uploads\/2018\/12\/process_teaser2.jpg 1654w, https:\/\/izb.ipk.fraunhofer.de\/wp-content\/uploads\/2018\/12\/process_teaser2-300x107.jpg 300w, https:\/\/izb.ipk.fraunhofer.de\/wp-content\/uploads\/2018\/12\/process_teaser2-768x274.jpg 768w, https:\/\/izb.ipk.fraunhofer.de\/wp-content\/uploads\/2018\/12\/process_teaser2-1024x365.jpg 1024w\" sizes=\"(max-width: 1654px) 100vw, 1654px\" \/><!-- --><\/p>\n<p id=\"p_copyright\">\u00a9 frank peters &#8211; Fotolia<\/p>\n<h4><b>Prozess-Benchmarking<\/b><\/h4>\n<p id=\"padded_p\">Durch den Einsatz eigener Methoden und Tools analysieren und vergleichen wir Ihre Prozesse, um Verbesserungs- oder Optimierungs-potenzial aufzudecken.<\/p>\n<p><a class=\"button\" href=\"https:\/\/izb.ipk.fraunhofer.de\/index.php\/prozessbenchmarking\/\">Mehr Info<\/a><\/p>\n<\/div>\n<\/div>\n<div class=\"column\">\n<div id=\"Produkt_Card\" class=\"card\">\n<p><img loading=\"lazy\" class=\"alignnone size-full wp-image-882\" style=\"width: 100%;\" src=\"https:\/\/izb.ipk.fraunhofer.de\/wp-content\/uploads\/2018\/12\/product_teaser.jpg\" alt=\"\" width=\"1654\" height=\"590\" srcset=\"https:\/\/izb.ipk.fraunhofer.de\/wp-content\/uploads\/2018\/12\/product_teaser.jpg 1654w, https:\/\/izb.ipk.fraunhofer.de\/wp-content\/uploads\/2018\/12\/product_teaser-300x107.jpg 300w, https:\/\/izb.ipk.fraunhofer.de\/wp-content\/uploads\/2018\/12\/product_teaser-768x274.jpg 768w, https:\/\/izb.ipk.fraunhofer.de\/wp-content\/uploads\/2018\/12\/product_teaser-1024x365.jpg 1024w\" sizes=\"(max-width: 1654px) 100vw, 1654px\" \/><\/p>\n<p id=\"p_copyright\">\u00a9 vege &#8211; Fotolia<\/p>\n<h4><b>Produkt-Benchmarking<\/b><\/h4>\n<p id=\"padded_p\">In Kooperation mit den technischen Bereichen des IPK beurteilen wir Produkte hinsichtlich Qualit\u00e4t, Funktionalit\u00e4t, Kosteneffizienz und Innovationspotenzial.<\/p>\n<p><a class=\"button\" href=\"https:\/\/izb.ipk.fraunhofer.de\/index.php\/produktbenchmarking\/\">Mehr Info<\/a><\/p>\n<\/div>\n<\/div>\n<div class=\"column\">\n<div id=\"Performance_Card\" class=\"card\">\n<p><img loading=\"lazy\" class=\"alignnone size-full wp-image-883\" style=\"width: 100%;\" src=\"https:\/\/izb.ipk.fraunhofer.de\/wp-content\/uploads\/2018\/12\/performance_teaser.jpg\" alt=\"\" width=\"1654\" height=\"590\" srcset=\"https:\/\/izb.ipk.fraunhofer.de\/wp-content\/uploads\/2018\/12\/performance_teaser.jpg 1654w, https:\/\/izb.ipk.fraunhofer.de\/wp-content\/uploads\/2018\/12\/performance_teaser-300x107.jpg 300w, https:\/\/izb.ipk.fraunhofer.de\/wp-content\/uploads\/2018\/12\/performance_teaser-768x274.jpg 768w, https:\/\/izb.ipk.fraunhofer.de\/wp-content\/uploads\/2018\/12\/performance_teaser-1024x365.jpg 1024w\" sizes=\"(max-width: 1654px) 100vw, 1654px\" \/><\/p>\n<p id=\"p_copyright\">\u00a9 jojje11 &#8211; Fotolia<\/p>\n<h4><b>Performance-Benchmarking<\/b><\/h4>\n<p id=\"padded_p\">Durch die die Visualisierung und vergleichende Analyse der Leistung Ihres Unternehmens anhand geeigneter Kennzahlen werden Leistungspotenziale untersucht.<\/p>\n<p><a class=\"button\" href=\"https:\/\/izb.ipk.fraunhofer.de\/index.php\/performance-benchmarking\/\">Mehr Info<\/a><\/p>\n<\/div>\n<\/div>\n<\/div>\n","protected":false},"excerpt":{"rendered":"<p>\u00dcber die letzten Jahrzehnte hat sich das Informationszentrum Benchmarking (IZB) am Fraunhofer-Institut f\u00fcr Produktionsanlagen und Konstruktionstechnik IPK als eine Institution zum Thema Benchmarking in Europa etabliert. Seit 1994 treiben wir durch internationale Forschung und Beratung das Wissen und die Anwendung&#8230;<\/p>\n","protected":false},"author":1,"featured_media":675,"parent":0,"menu_order":0,"comment_status":"closed","ping_status":"closed","template":"","meta":[],"_links":{"self":[{"href":"https:\/\/izb.ipk.fraunhofer.de\/index.php?rest_route=\/wp\/v2\/pages\/70"}],"collection":[{"href":"https:\/\/izb.ipk.fraunhofer.de\/index.php?rest_route=\/wp\/v2\/pages"}],"about":[{"href":"https:\/\/izb.ipk.fraunhofer.de\/index.php?rest_route=\/wp\/v2\/types\/page"}],"author":[{"embeddable":true,"href":"https:\/\/izb.ipk.fraunhofer.de\/index.php?rest_route=\/wp\/v2\/users\/1"}],"replies":[{"embeddable":true,"href":"https:\/\/izb.ipk.fraunhofer.de\/index.php?rest_route=%2Fwp%2Fv2%2Fcomments&post=70"}],"version-history":[{"count":192,"href":"https:\/\/izb.ipk.fraunhofer.de\/index.php?rest_route=\/wp\/v2\/pages\/70\/revisions"}],"predecessor-version":[{"id":1622,"href":"https:\/\/izb.ipk.fraunhofer.de\/index.php?rest_route=\/wp\/v2\/pages\/70\/revisions\/1622"}],"wp:featuredmedia":[{"embeddable":true,"href":"https:\/\/izb.ipk.fraunhofer.de\/index.php?rest_route=\/wp\/v2\/media\/675"}],"wp:attachment":[{"href":"https:\/\/izb.ipk.fraunhofer.de\/index.php?rest_route=%2Fwp%2Fv2%2Fmedia&parent=70"}],"curies":[{"name":"wp","href":"https:\/\/api.w.org\/{rel}","templated":true}]}}