{"id":809,"date":"2018-12-12T12:49:21","date_gmt":"2018-12-12T11:49:21","guid":{"rendered":"http:\/\/wp3.ipk.fraunhofer.de\/?page_id=809"},"modified":"2019-10-08T17:31:57","modified_gmt":"2019-10-08T15:31:57","slug":"was-ist-benchmarking","status":"publish","type":"page","link":"https:\/\/izb.ipk.fraunhofer.de\/?page_id=809&lang=de","title":{"rendered":"Benchmarking"},"content":{"rendered":"<blockquote><p>Benchmarking ist die Suche nach L\u00f6sungen, die auf den besten Methoden und Verfahren der Industrie, den &#8222;Best Practices&#8220;, basieren und ein Unternehmen zu Spitzenleistungen f\u00fchren.<\/p>\n<p>Camp 1994<\/p><\/blockquote>\n<p>Diese Definition vom Begr\u00fcnder der Benchmarking-Methodik beschreibt treffend den Kerngedanken dieses modernen Managementinstrumentes. Die kontinuierliche Suche nach und Ausnutzung von Erfolgspotenzialen sind unter den heutigen versch\u00e4rften Marktbedingungen wesentliche Erfolgsfaktoren f\u00fcr die Wettbewerbs- und \u00dcberlebensf\u00e4higkeit von Unternehmen im nationalen und internationalen Wettbewerb.<\/p>\n<p>Benchmarking hilft dabei, konsequent und zielorientiert nach neuen Ideen f\u00fcr Methoden, Verfahren und Prozessen au\u00dferhalb der eigenen Unternehmens-\/Organisationswelt beziehungsweise au\u00dferhalb der eigenen Branche zu suchen. Benchmarking zielt auf das Denken in Analogien und die Innovationskraft von Unternehmen ab. Es ist ein Werkzeug, welches mit der Unterst\u00fctzung anderer Instrumente (z.B. Reengineering, Total Quality Management oder Kaizen\/KVP) zur Verwirklichung von Unternehmenszielen beitr\u00e4gt. Im Gegensatz zu diesen Instrumenten, die lediglich eine interne Sicht erm\u00f6glichen, ist die externe Sichtweise beim Benchmarking bereits als innovativer Ansatz aufzufassen.<\/p>\n<p>Schwerpunkt des Benchmarking ist es jedoch nicht, allein die Unterschiede zu anderen Unternehmen herauszustellen. Vielmehr gilt es, gezielt Best Practices zu identifizieren, mit denen nachhaltig \u00fcberdurchschnittliche Wettbewerbsvorteile geschaffen werden k\u00f6nnen.<\/p>\n<p>Benchmarking hat in den USA eine wesentlich l\u00e4ngere Tradition als in Deutschland. Aber auch in Deutschland hat sich diese immer noch junge Managementmethode in den vergangenen Jahren zunehmend etabliert. Seit der Gr\u00fcndung des IZB im Jahr 1994 und der Gr\u00fcndung des Global Benchmarking Network im Jahr 1995 zeigt sich ein kontinuierlich steigendes Interesse an Benchmarking, nicht nur bei deutschen Unternehmen.<\/p>\n<p>Die flexiblen Einsatzm\u00f6glichkeiten von der Optimierung von Gesch\u00e4ftsprozessen bis hin zur Unterst\u00fctzung bei Fragen der strategischen Ausrichtung von Unternehmen machen das Benchmarking so erfolgreich.<\/p>\n","protected":false},"excerpt":{"rendered":"<p>Benchmarking ist die Suche nach L\u00f6sungen, die auf den besten Methoden und Verfahren der Industrie, den &#8222;Best Practices&#8220;, basieren und ein Unternehmen zu Spitzenleistungen f\u00fchren. Camp 1994 Diese Definition vom Begr\u00fcnder der Benchmarking-Methodik beschreibt treffend den Kerngedanken dieses modernen Managementinstrumentes&#8230;.<\/p>\n","protected":false},"author":1,"featured_media":0,"parent":0,"menu_order":0,"comment_status":"closed","ping_status":"closed","template":"","meta":[],"_links":{"self":[{"href":"https:\/\/izb.ipk.fraunhofer.de\/index.php?rest_route=\/wp\/v2\/pages\/809"}],"collection":[{"href":"https:\/\/izb.ipk.fraunhofer.de\/index.php?rest_route=\/wp\/v2\/pages"}],"about":[{"href":"https:\/\/izb.ipk.fraunhofer.de\/index.php?rest_route=\/wp\/v2\/types\/page"}],"author":[{"embeddable":true,"href":"https:\/\/izb.ipk.fraunhofer.de\/index.php?rest_route=\/wp\/v2\/users\/1"}],"replies":[{"embeddable":true,"href":"https:\/\/izb.ipk.fraunhofer.de\/index.php?rest_route=%2Fwp%2Fv2%2Fcomments&post=809"}],"version-history":[{"count":5,"href":"https:\/\/izb.ipk.fraunhofer.de\/index.php?rest_route=\/wp\/v2\/pages\/809\/revisions"}],"predecessor-version":[{"id":1584,"href":"https:\/\/izb.ipk.fraunhofer.de\/index.php?rest_route=\/wp\/v2\/pages\/809\/revisions\/1584"}],"wp:attachment":[{"href":"https:\/\/izb.ipk.fraunhofer.de\/index.php?rest_route=%2Fwp%2Fv2%2Fmedia&parent=809"}],"curies":[{"name":"wp","href":"https:\/\/api.w.org\/{rel}","templated":true}]}}